{"id":134,"date":"2024-06-17T11:57:10","date_gmt":"2024-06-17T09:57:10","guid":{"rendered":"http:\/\/showcase4.content-wave.de\/?page_id=134"},"modified":"2024-06-21T11:18:29","modified_gmt":"2024-06-21T09:18:29","slug":"aktiv-mithelfen","status":"publish","type":"page","link":"https:\/\/showcase4.content-wave.de\/?page_id=134","title":{"rendered":"Aktiv mithelfen"},"content":{"rendered":"\t\t<div data-elementor-type=\"wp-page\" data-elementor-id=\"134\" class=\"elementor elementor-134\" data-elementor-post-type=\"page\">\n\t\t\t\t\t\t<section class=\"elementor-section elementor-top-section elementor-element elementor-element-a05c965 elementor-section-boxed elementor-section-height-default elementor-section-height-default\" data-id=\"a05c965\" data-element_type=\"section\" data-settings=\"{&quot;background_background&quot;:&quot;classic&quot;}\">\n\t\t\t\t\t\t\t<div class=\"elementor-background-overlay\"><\/div>\n\t\t\t\t\t\t\t<div class=\"elementor-container elementor-column-gap-no\">\n\t\t\t\t\t<div class=\"elementor-column elementor-col-100 elementor-top-column elementor-element elementor-element-cef39b4\" data-id=\"cef39b4\" data-element_type=\"column\">\n\t\t\t<div class=\"elementor-widget-wrap elementor-element-populated\">\n\t\t\t\t\t\t<div class=\"elementor-element elementor-element-33a1deb elementor-widget elementor-widget-heading\" data-id=\"33a1deb\" data-element_type=\"widget\" data-widget_type=\"heading.default\">\n\t\t\t\t<div class=\"elementor-widget-container\">\n\t\t\t<style>\/*! elementor - v3.22.0 - 16-06-2024 *\/\n.elementor-heading-title{padding:0;margin:0;line-height:1}.elementor-widget-heading .elementor-heading-title[class*=elementor-size-]>a{color:inherit;font-size:inherit;line-height:inherit}.elementor-widget-heading .elementor-heading-title.elementor-size-small{font-size:15px}.elementor-widget-heading .elementor-heading-title.elementor-size-medium{font-size:19px}.elementor-widget-heading .elementor-heading-title.elementor-size-large{font-size:29px}.elementor-widget-heading .elementor-heading-title.elementor-size-xl{font-size:39px}.elementor-widget-heading .elementor-heading-title.elementor-size-xxl{font-size:59px}<\/style><h2 class=\"elementor-heading-title elementor-size-default\">Aktiv mithelfen<\/h2>\t\t<\/div>\n\t\t\t\t<\/div>\n\t\t\t\t\t<\/div>\n\t\t<\/div>\n\t\t\t\t\t<\/div>\n\t\t<\/section>\n\t\t\t\t<section class=\"elementor-section elementor-top-section elementor-element elementor-element-6bdf198 elementor-section-boxed elementor-section-height-default elementor-section-height-default\" data-id=\"6bdf198\" data-element_type=\"section\">\n\t\t\t\t\t\t<div class=\"elementor-container elementor-column-gap-no\">\n\t\t\t\t\t<div class=\"elementor-column elementor-col-100 elementor-top-column elementor-element elementor-element-d037be3 elementor-invisible\" data-id=\"d037be3\" data-element_type=\"column\" data-settings=\"{&quot;animation&quot;:&quot;fadeInRight&quot;}\">\n\t\t\t<div class=\"elementor-widget-wrap elementor-element-populated\">\n\t\t\t\t\t\t<div class=\"elementor-element elementor-element-043a5ed elementor-widget elementor-widget-heading\" data-id=\"043a5ed\" data-element_type=\"widget\" data-widget_type=\"heading.default\">\n\t\t\t\t<div class=\"elementor-widget-container\">\n\t\t\t<h2 class=\"elementor-heading-title elementor-size-default\">Wir brauchen deine Unterst\u00fctzung\u00a0<\/h2>\t\t<\/div>\n\t\t\t\t<\/div>\n\t\t\t\t<div class=\"elementor-element elementor-element-4b3af7e elementor-widget elementor-widget-text-editor\" data-id=\"4b3af7e\" data-element_type=\"widget\" data-widget_type=\"text-editor.default\">\n\t\t\t\t<div class=\"elementor-widget-container\">\n\t\t\t<style>\/*! elementor - v3.22.0 - 16-06-2024 *\/\n.elementor-widget-text-editor.elementor-drop-cap-view-stacked .elementor-drop-cap{background-color:#69727d;color:#fff}.elementor-widget-text-editor.elementor-drop-cap-view-framed .elementor-drop-cap{color:#69727d;border:3px solid;background-color:transparent}.elementor-widget-text-editor:not(.elementor-drop-cap-view-default) .elementor-drop-cap{margin-top:8px}.elementor-widget-text-editor:not(.elementor-drop-cap-view-default) .elementor-drop-cap-letter{width:1em;height:1em}.elementor-widget-text-editor .elementor-drop-cap{float:left;text-align:center;line-height:1;font-size:50px}.elementor-widget-text-editor .elementor-drop-cap-letter{display:inline-block}<\/style>\t\t\t\t<p>Um noch besser zu agieren und unsere Vereinsgemeinschaft zu verbessern,\u00a0k\u00f6nnten wir in folgenden Bereichen noch Unterst\u00fctzung von unseren Mitgliedern brauchen:<\/p><p><strong>&#8211; Unterst\u00fctzung bei Planung und Umsetzung der Vereinsgemeinschaft (Unternehmungen usw.)<\/strong><\/p><p>\u00a0<\/p><p>F\u00fcr Fragen benutze bitte unser\u00a0<span style=\"color: #0da70c;\"><a class=\"cm_anchor\" style=\"color: #0da70c;\" href=\"https:\/\/velvet-green.de\/Mitglied-werden\/\">Kontaktformular<\/a><\/span><\/p><p><strong>\u00a0<\/strong><\/p>\t\t\t\t\t\t<\/div>\n\t\t\t\t<\/div>\n\t\t\t\t\t<\/div>\n\t\t<\/div>\n\t\t\t\t\t<\/div>\n\t\t<\/section>\n\t\t\t\t<\/div>\n\t\t","protected":false},"excerpt":{"rendered":"<p>Aktiv mithelfen Wir brauchen deine Unterst\u00fctzung\u00a0 Um noch besser zu agieren und unsere Vereinsgemeinschaft zu verbessern,\u00a0k\u00f6nnten wir in folgenden Bereichen noch Unterst\u00fctzung von unseren Mitgliedern brauchen: &#8211; Unterst\u00fctzung bei Planung und Umsetzung der Vereinsgemeinschaft (Unternehmungen usw.) \u00a0 F\u00fcr Fragen benutze bitte unser\u00a0Kontaktformular \u00a0<\/p>\n","protected":false},"author":1,"featured_media":0,"parent":0,"menu_order":0,"comment_status":"closed","ping_status":"closed","template":"elementor_header_footer","meta":{"footnotes":""},"class_list":["post-134","page","type-page","status-publish","hentry"],"_links":{"self":[{"href":"https:\/\/showcase4.content-wave.de\/index.php?rest_route=\/wp\/v2\/pages\/134","targetHints":{"allow":["GET"]}}],"collection":[{"href":"https:\/\/showcase4.content-wave.de\/index.php?rest_route=\/wp\/v2\/pages"}],"about":[{"href":"https:\/\/showcase4.content-wave.de\/index.php?rest_route=\/wp\/v2\/types\/page"}],"author":[{"embeddable":true,"href":"https:\/\/showcase4.content-wave.de\/index.php?rest_route=\/wp\/v2\/users\/1"}],"replies":[{"embeddable":true,"href":"https:\/\/showcase4.content-wave.de\/index.php?rest_route=%2Fwp%2Fv2%2Fcomments&post=134"}],"version-history":[{"count":10,"href":"https:\/\/showcase4.content-wave.de\/index.php?rest_route=\/wp\/v2\/pages\/134\/revisions"}],"predecessor-version":[{"id":1173,"href":"https:\/\/showcase4.content-wave.de\/index.php?rest_route=\/wp\/v2\/pages\/134\/revisions\/1173"}],"wp:attachment":[{"href":"https:\/\/showcase4.content-wave.de\/index.php?rest_route=%2Fwp%2Fv2%2Fmedia&parent=134"}],"curies":[{"name":"wp","href":"https:\/\/api.w.org\/{rel}","templated":true}]}}