{"id":126,"date":"2024-06-17T11:55:00","date_gmt":"2024-06-17T09:55:00","guid":{"rendered":"http:\/\/showcase4.content-wave.de\/?page_id=126"},"modified":"2024-06-21T23:49:39","modified_gmt":"2024-06-21T21:49:39","slug":"mitglied-werden","status":"publish","type":"page","link":"https:\/\/showcase4.content-wave.de\/?page_id=126","title":{"rendered":"Mitglied werden"},"content":{"rendered":"\t\t<div data-elementor-type=\"wp-page\" data-elementor-id=\"126\" class=\"elementor elementor-126\" data-elementor-post-type=\"page\">\n\t\t\t\t\t\t<section class=\"elementor-section elementor-top-section elementor-element elementor-element-a05c965 elementor-section-boxed elementor-section-height-default elementor-section-height-default\" data-id=\"a05c965\" data-element_type=\"section\" data-settings=\"{&quot;background_background&quot;:&quot;classic&quot;}\">\n\t\t\t\t\t\t\t<div class=\"elementor-background-overlay\"><\/div>\n\t\t\t\t\t\t\t<div class=\"elementor-container elementor-column-gap-no\">\n\t\t\t\t\t<div class=\"elementor-column elementor-col-100 elementor-top-column elementor-element elementor-element-cef39b4\" data-id=\"cef39b4\" data-element_type=\"column\">\n\t\t\t<div class=\"elementor-widget-wrap elementor-element-populated\">\n\t\t\t\t\t\t<div class=\"elementor-element elementor-element-33a1deb elementor-widget elementor-widget-heading\" data-id=\"33a1deb\" data-element_type=\"widget\" data-widget_type=\"heading.default\">\n\t\t\t\t<div class=\"elementor-widget-container\">\n\t\t\t<style>\/*! elementor - v3.22.0 - 16-06-2024 *\/\n.elementor-heading-title{padding:0;margin:0;line-height:1}.elementor-widget-heading .elementor-heading-title[class*=elementor-size-]>a{color:inherit;font-size:inherit;line-height:inherit}.elementor-widget-heading .elementor-heading-title.elementor-size-small{font-size:15px}.elementor-widget-heading .elementor-heading-title.elementor-size-medium{font-size:19px}.elementor-widget-heading .elementor-heading-title.elementor-size-large{font-size:29px}.elementor-widget-heading .elementor-heading-title.elementor-size-xl{font-size:39px}.elementor-widget-heading .elementor-heading-title.elementor-size-xxl{font-size:59px}<\/style><h2 class=\"elementor-heading-title elementor-size-default\">Mitglied werden<\/h2>\t\t<\/div>\n\t\t\t\t<\/div>\n\t\t\t\t\t<\/div>\n\t\t<\/div>\n\t\t\t\t\t<\/div>\n\t\t<\/section>\n\t\t\t\t<section class=\"elementor-section elementor-top-section elementor-element elementor-element-6bdf198 elementor-section-boxed elementor-section-height-default elementor-section-height-default\" data-id=\"6bdf198\" data-element_type=\"section\">\n\t\t\t\t\t\t<div class=\"elementor-container elementor-column-gap-no\">\n\t\t\t\t\t<div class=\"elementor-column elementor-col-100 elementor-top-column elementor-element elementor-element-d037be3 elementor-invisible\" data-id=\"d037be3\" data-element_type=\"column\" data-settings=\"{&quot;animation&quot;:&quot;fadeInRight&quot;}\">\n\t\t\t<div class=\"elementor-widget-wrap elementor-element-populated\">\n\t\t\t\t\t\t<div class=\"elementor-element elementor-element-043a5ed elementor-widget elementor-widget-heading\" data-id=\"043a5ed\" data-element_type=\"widget\" data-widget_type=\"heading.default\">\n\t\t\t\t<div class=\"elementor-widget-container\">\n\t\t\t<h2 class=\"elementor-heading-title elementor-size-default\">Mitgliedschaft und Preise<\/h2>\t\t<\/div>\n\t\t\t\t<\/div>\n\t\t\t\t<div class=\"elementor-element elementor-element-4b3af7e elementor-widget__width-initial elementor-widget-mobile__width-inherit elementor-widget elementor-widget-text-editor\" data-id=\"4b3af7e\" data-element_type=\"widget\" data-widget_type=\"text-editor.default\">\n\t\t\t\t<div class=\"elementor-widget-container\">\n\t\t\t<style>\/*! elementor - v3.22.0 - 16-06-2024 *\/\n.elementor-widget-text-editor.elementor-drop-cap-view-stacked .elementor-drop-cap{background-color:#69727d;color:#fff}.elementor-widget-text-editor.elementor-drop-cap-view-framed .elementor-drop-cap{color:#69727d;border:3px solid;background-color:transparent}.elementor-widget-text-editor:not(.elementor-drop-cap-view-default) .elementor-drop-cap{margin-top:8px}.elementor-widget-text-editor:not(.elementor-drop-cap-view-default) .elementor-drop-cap-letter{width:1em;height:1em}.elementor-widget-text-editor .elementor-drop-cap{float:left;text-align:center;line-height:1;font-size:50px}.elementor-widget-text-editor .elementor-drop-cap-letter{display:inline-block}<\/style>\t\t\t\t<p>Hier hast du die M\u00f6glichkeit, dich bereits jetzt registrieren zu lassen und dir so einen Platz als Mitglied zu sichern. Die Anzahl der Mitgliederpl\u00e4tze ist in allen CSC begrenzt (bei uns vorerst auf 250 Mitglieder). Also nutze die Chance und werde Mitglied in unserer Community.<\/p><h6><strong>Die \u201eAll You Need\u201c Mitgliedschaft<\/strong><\/h6><p>Unsere Mitgliedschaften laufen entweder 6 oder 12 Monate und verl\u00e4ngern sich automatisch, wenn du nicht einen Monat vor Ablauf k\u00fcndigst. Teile uns zu Beginn deinen ungef\u00e4hren Bedarf mit, ob du 10, 20, 30, 40 oder 50 Gramm Cannabis im Monat m\u00f6chtest. Dieser Wert hilft uns vorab und grade in den ersten Monaten zu planen und die Gr\u00f6\u00dfe der Anbaufl\u00e4che sowie die Menge festzulegen, die wir f\u00fcr unsere Mitglieder ben\u00f6tigen, um nicht zu viel oder zu wenig Cannabis vorzuhalten. Sp\u00e4ter kannst du die gew\u00fcnschte Menge nat\u00fcrlich anpassen.<\/p><p>\u00a0 \u00a0 \u00a0<b>Mitgliedschaft\u00a0<\/b><\/p><ul><li>6 Monate: 66 Euro, oder<\/li><li>12 Monate: 108 Euro<\/li><li>Anmeldegeb\u00fchr: 35 Euro<\/li><li>Menschen mit Behinderung, Studierende und Rentner erhalten 20 % Rabatt auf Anmeldegeb\u00fchr und Mitgliedsbeitrag (Nachweis erforderlich).<\/li><\/ul><p>\u00a0<\/p><p>Leider l\u00e4sst sich der genaue Abgabepreis von Cannabis-Produkten wegen verschiedener Faktoren noch nicht exakt berechnen, da es letztendlich \u00a0von den gesetzlichen Bestimmungen f\u00fcr den Anbau und vor allem von der Mitgliederanzahl abh\u00e4ngig ist. Vorgesehen ist ein Startpreis von ca. 9 Euro je Gramm. Dieser wird sich aber recht schnell nach unten skalieren, umso mehr Mitglieder wir sind. Unser Ziel ist, auf einen Abgabepreis von ungef\u00e4hr 5 Euro zu kommen.<\/p><p>Um Stecklinge bei uns zu kaufen, musst du kein Mitglied sein. Allerdings bekommst du dann auch nur Stecklinge und kannst nicht am Vereinsleben teilnehmen und du erh\u00e4ltst auch kein Cannabis. Du musst mindestens 21 Jahre alt sein und ben\u00f6tigst deinen Personalausweis zum Erwerb. Falls du hierzu noch fragen hast, schreibe uns \u00fcber das <a href=\"http:\/\/showcase4.content-wave.de\/?page_id=156\"><b><u>Kontaktformular<\/u><\/b><\/a>.<\/p>\t\t\t\t\t\t<\/div>\n\t\t\t\t<\/div>\n\t\t\t\t<div class=\"elementor-element elementor-element-84415dc elementor-widget elementor-widget-heading\" data-id=\"84415dc\" data-element_type=\"widget\" data-widget_type=\"heading.default\">\n\t\t\t\t<div class=\"elementor-widget-container\">\n\t\t\t<h2 class=\"elementor-heading-title elementor-size-default\">Voraussetzungen f\u00fcr eine\u00a0Mitgliedschaft<\/h2>\t\t<\/div>\n\t\t\t\t<\/div>\n\t\t\t\t<div class=\"elementor-element elementor-element-51eab77 elementor-widget__width-initial elementor-widget elementor-widget-text-editor\" data-id=\"51eab77\" data-element_type=\"widget\" data-widget_type=\"text-editor.default\">\n\t\t\t\t<div class=\"elementor-widget-container\">\n\t\t\t\t\t\t\t<p>&#8211; Du bist mindestens 21 Jahre alt<\/p><p>&#8211; Du bist in keinem anderen CSC oder keiner anderen Anbauvereinigung Mitglied<\/p><p>&#8211; Du bist einverstanden mit unserer Vereinssatzung<\/p><p>&#8211; Dein Wohnsitz oder gew\u00f6hnlicher\u00a0Aufenthaltsort ist nachweislich in Deutschland\u00a0<\/p>\t\t\t\t\t\t<\/div>\n\t\t\t\t<\/div>\n\t\t\t\t<div class=\"elementor-element elementor-element-391f95b elementor-widget elementor-widget-heading\" data-id=\"391f95b\" data-element_type=\"widget\" data-widget_type=\"heading.default\">\n\t\t\t\t<div class=\"elementor-widget-container\">\n\t\t\t<h2 class=\"elementor-heading-title elementor-size-default\">Jetzt registrieren<\/h2>\t\t<\/div>\n\t\t\t\t<\/div>\n\t\t\t\t<div class=\"elementor-element elementor-element-27872bf elementor-widget__width-initial elementor-widget elementor-widget-wpforms\" data-id=\"27872bf\" data-element_type=\"widget\" data-widget_type=\"wpforms.default\">\n\t\t\t\t<div class=\"elementor-widget-container\">\n\t\t\t<style id=\"wpforms-css-vars-root\">\n\t\t\t\t:root {\n\t\t\t\t\t--wpforms-field-border-radius: 3px;\n--wpforms-field-border-style: solid;\n--wpforms-field-border-size: 1px;\n--wpforms-field-background-color: #ffffff;\n--wpforms-field-border-color: rgba( 0, 0, 0, 0.25 );\n--wpforms-field-border-color-spare: rgba( 0, 0, 0, 0.25 );\n--wpforms-field-text-color: rgba( 0, 0, 0, 0.7 );\n--wpforms-field-menu-color: #ffffff;\n--wpforms-label-color: rgba( 0, 0, 0, 0.85 );\n--wpforms-label-sublabel-color: rgba( 0, 0, 0, 0.55 );\n--wpforms-label-error-color: #d63637;\n--wpforms-button-border-radius: 3px;\n--wpforms-button-border-style: none;\n--wpforms-button-border-size: 1px;\n--wpforms-button-background-color: #066aab;\n--wpforms-button-border-color: #066aab;\n--wpforms-button-text-color: #ffffff;\n--wpforms-page-break-color: #066aab;\n--wpforms-background-image: none;\n--wpforms-background-position: center center;\n--wpforms-background-repeat: no-repeat;\n--wpforms-background-size: cover;\n--wpforms-background-width: 100px;\n--wpforms-background-height: 100px;\n--wpforms-background-color: rgba( 0, 0, 0, 0 );\n--wpforms-background-url: none;\n--wpforms-container-padding: 0px;\n--wpforms-container-border-style: none;\n--wpforms-container-border-width: 1px;\n--wpforms-container-border-color: #000000;\n--wpforms-container-border-radius: 3px;\n--wpforms-field-size-input-height: 43px;\n--wpforms-field-size-input-spacing: 15px;\n--wpforms-field-size-font-size: 16px;\n--wpforms-field-size-line-height: 19px;\n--wpforms-field-size-padding-h: 14px;\n--wpforms-field-size-checkbox-size: 16px;\n--wpforms-field-size-sublabel-spacing: 5px;\n--wpforms-field-size-icon-size: 1;\n--wpforms-label-size-font-size: 16px;\n--wpforms-label-size-line-height: 19px;\n--wpforms-label-size-sublabel-font-size: 14px;\n--wpforms-label-size-sublabel-line-height: 17px;\n--wpforms-button-size-font-size: 17px;\n--wpforms-button-size-height: 41px;\n--wpforms-button-size-padding-h: 15px;\n--wpforms-button-size-margin-top: 10px;\n--wpforms-container-shadow-size-box-shadow: none;\n\n\t\t\t\t}\n\t\t\t<\/style><style id=\"wpforms-css-vars-elementor-widget-27872bf\">\n\t\t\t\t.elementor-widget-wpforms.elementor-element-27872bf {\n\t\t\t\t\t--wpforms-label-color: #FFFFFFD9;\n--wpforms-button-background-color: #000000;\n--wpforms-button-text-color: #FFFFFF;\n--wpforms-field-background-color: #4E4E4E;\n--wpforms-field-text-color: #FFFFFFFA;\n--wpforms-label-sublabel-color: #FFFFFF8C;\n--wpforms-field-size-input-height: 43px;\n--wpforms-field-size-input-spacing: 15px;\n--wpforms-field-size-font-size: 16px;\n--wpforms-field-size-line-height: 19px;\n--wpforms-field-size-padding-h: 14px;\n--wpforms-field-size-checkbox-size: 16px;\n--wpforms-field-size-sublabel-spacing: 5px;\n--wpforms-field-size-icon-size: 1;\n--wpforms-label-size-font-size: 18px;\n--wpforms-label-size-line-height: 21px;\n--wpforms-label-size-sublabel-font-size: 16px;\n--wpforms-label-size-sublabel-line-height: 19px;\n--wpforms-button-size-font-size: 17px;\n--wpforms-button-size-height: 41px;\n--wpforms-button-size-padding-h: 15px;\n--wpforms-button-size-margin-top: 10px;\n\n\t\t\t\t}\n\t\t\t<\/style><div class=\"wpforms-container wpforms-container-full wpforms-render-modern\" id=\"wpforms-175\"><form id=\"wpforms-form-175\" class=\"wpforms-validate wpforms-form wpforms-ajax-form\" data-formid=\"175\" method=\"post\" enctype=\"multipart\/form-data\" action=\"\/index.php?rest_route=%2Fwp%2Fv2%2Fpages%2F126\" data-token=\"c9223588c6be6e8b3bb69945a12efc6c\" data-token-time=\"1776758638\"><noscript class=\"wpforms-error-noscript\">Bitte aktiviere JavaScript in deinem Browser, um dieses Formular fertigzustellen.<\/noscript><div class=\"wpforms-hidden\" id=\"wpforms-error-noscript\">Bitte aktiviere JavaScript in deinem Browser, um dieses Formular fertigzustellen.<\/div><div class=\"wpforms-field-container\"><div id=\"wpforms-175-field_2-container\" class=\"wpforms-field wpforms-field-select wpforms-field-select-style-classic\" data-field-id=\"2\"><label class=\"wpforms-field-label\" for=\"wpforms-175-field_2\">Mitgliedschaftsdauer <span class=\"wpforms-required-label\" aria-hidden=\"true\">*<\/span><\/label><select id=\"wpforms-175-field_2\" class=\"wpforms-field-large wpforms-field-required\" name=\"wpforms[fields][2]\" required=\"required\"><option value=\"-\" >-<\/option><option value=\"6 Monate\" >6 Monate<\/option><option value=\"12 Monate\" >12 Monate<\/option><\/select><\/div><div id=\"wpforms-175-field_3-container\" class=\"wpforms-field wpforms-field-select wpforms-field-select-style-classic\" data-field-id=\"3\"><label class=\"wpforms-field-label\" for=\"wpforms-175-field_3\">20 % Verg\u00fcnstigung f\u00fcr<\/label><select id=\"wpforms-175-field_3\" class=\"wpforms-field-large\" name=\"wpforms[fields][3]\"><option value=\"-\" >-<\/option><option value=\"Studierende\" >Studierende<\/option><option value=\"Rentner(in)\" >Rentner(in)<\/option><option value=\"Menschen mit Behinderung\" >Menschen mit Behinderung<\/option><\/select><\/div><div id=\"wpforms-175-field_4-container\" class=\"wpforms-field wpforms-field-select wpforms-field-select-style-classic\" data-field-id=\"4\"><label class=\"wpforms-field-label\" for=\"wpforms-175-field_4\">Gew\u00fcnschte Menge Cannabis pro Monat <span class=\"wpforms-required-label\" aria-hidden=\"true\">*<\/span><\/label><select id=\"wpforms-175-field_4\" class=\"wpforms-field-large wpforms-field-required\" name=\"wpforms[fields][4]\" required=\"required\"><option value=\"-\" >-<\/option><option value=\"10 Gramm\" >10 Gramm<\/option><option value=\"20 Gramm\" >20 Gramm<\/option><option value=\"30 Gramm\" >30 Gramm<\/option><option value=\"40 Gramm\" >40 Gramm<\/option><option value=\"50 Gramm\" >50 Gramm<\/option><\/select><\/div><div id=\"wpforms-175-field_5-container\" class=\"wpforms-field wpforms-field-name\" data-field-id=\"5\"><fieldset><legend class=\"wpforms-field-label\">Name <span class=\"wpforms-required-label\" aria-hidden=\"true\">*<\/span><\/legend><div class=\"wpforms-field-row wpforms-field-large\"><div class=\"wpforms-field-row-block wpforms-first wpforms-one-half\"><input type=\"text\" id=\"wpforms-175-field_5\" class=\"wpforms-field-name-first wpforms-field-required\" name=\"wpforms[fields][5][first]\" aria-errormessage=\"wpforms-175-field_5-error\" required><label for=\"wpforms-175-field_5\" class=\"wpforms-field-sublabel after\">Vorname<\/label><\/div><div class=\"wpforms-field-row-block wpforms-one-half\"><input type=\"text\" id=\"wpforms-175-field_5-last\" class=\"wpforms-field-name-last wpforms-field-required\" name=\"wpforms[fields][5][last]\" aria-errormessage=\"wpforms-175-field_5-last-error\" required><label for=\"wpforms-175-field_5-last\" class=\"wpforms-field-sublabel after\">Nachname<\/label><\/div><\/div><\/fieldset><\/div><div id=\"wpforms-175-field_16-container\" class=\"wpforms-field wpforms-field-text\" data-field-id=\"16\"><label class=\"wpforms-field-label\" for=\"wpforms-175-field_16\">Geburtstag <span class=\"wpforms-required-label\" aria-hidden=\"true\">*<\/span><\/label><input type=\"text\" id=\"wpforms-175-field_16\" class=\"wpforms-field-large wpforms-field-required\" name=\"wpforms[fields][16]\" placeholder=\"Tag.Monat.Jahr\" aria-errormessage=\"wpforms-175-field_16-error\" required><\/div><div id=\"wpforms-175-field_8-container\" class=\"wpforms-field wpforms-field-text\" data-field-id=\"8\"><label class=\"wpforms-field-label\" for=\"wpforms-175-field_8\">Stra\u00dfe, Hausnummer <span class=\"wpforms-required-label\" aria-hidden=\"true\">*<\/span><\/label><input type=\"text\" id=\"wpforms-175-field_8\" class=\"wpforms-field-large wpforms-field-required\" name=\"wpforms[fields][8]\" aria-errormessage=\"wpforms-175-field_8-error\" required><\/div><div id=\"wpforms-175-field_9-container\" class=\"wpforms-field wpforms-field-text\" data-field-id=\"9\"><label class=\"wpforms-field-label\" for=\"wpforms-175-field_9\">Wohnort, PLZ <span class=\"wpforms-required-label\" aria-hidden=\"true\">*<\/span><\/label><input type=\"text\" id=\"wpforms-175-field_9\" class=\"wpforms-field-large wpforms-field-required\" name=\"wpforms[fields][9]\" aria-errormessage=\"wpforms-175-field_9-error\" required><\/div><div id=\"wpforms-175-field_10-container\" class=\"wpforms-field wpforms-field-text\" data-field-id=\"10\"><label class=\"wpforms-field-label\" for=\"wpforms-175-field_10\">E-Mail <span class=\"wpforms-required-label\" aria-hidden=\"true\">*<\/span><\/label><input type=\"text\" id=\"wpforms-175-field_10\" class=\"wpforms-field-large wpforms-field-required\" name=\"wpforms[fields][10]\" aria-errormessage=\"wpforms-175-field_10-error\" required><\/div><div id=\"wpforms-175-field_11-container\" class=\"wpforms-field wpforms-field-text\" data-field-id=\"11\"><label class=\"wpforms-field-label\" for=\"wpforms-175-field_11\">Telefon<\/label><input type=\"text\" id=\"wpforms-175-field_11\" class=\"wpforms-field-large\" name=\"wpforms[fields][11]\" aria-errormessage=\"wpforms-175-field_11-error\" ><\/div><div id=\"wpforms-175-field_12-container\" class=\"wpforms-field wpforms-field-select wpforms-field-select-style-classic\" data-field-id=\"12\"><label class=\"wpforms-field-label\" for=\"wpforms-175-field_12\">M\u00f6chtest du aktiv mitarbeiten? <span class=\"wpforms-required-label\" aria-hidden=\"true\">*<\/span><\/label><select id=\"wpforms-175-field_12\" class=\"wpforms-field-large wpforms-field-required\" name=\"wpforms[fields][12]\" required=\"required\"><option value=\"-\" >-<\/option><option value=\"Ja\" >Ja<\/option><option value=\"Nein\" >Nein<\/option><option value=\"Vielleicht sp\u00e4ter\" >Vielleicht sp\u00e4ter<\/option><\/select><\/div><div id=\"wpforms-175-field_13-container\" class=\"wpforms-field wpforms-field-select wpforms-field-select-style-classic\" data-field-id=\"13\"><label class=\"wpforms-field-label\" for=\"wpforms-175-field_13\">Wie m\u00f6chtest du deine Club-Karte erhalten? <span class=\"wpforms-required-label\" aria-hidden=\"true\">*<\/span><\/label><select id=\"wpforms-175-field_13\" class=\"wpforms-field-large wpforms-field-required\" name=\"wpforms[fields][13]\" required=\"required\"><option value=\"-\" >-<\/option><option value=\"Im Club abholen\" >Im Club abholen<\/option><option value=\"Vorab per Post\" >Vorab per Post<\/option><\/select><\/div><div id=\"wpforms-175-field_14-container\" class=\"wpforms-field wpforms-field-checkbox\" data-field-id=\"14\"><fieldset><legend class=\"wpforms-field-label\">Best\u00e4tigung <span class=\"wpforms-required-label\" aria-hidden=\"true\">*<\/span><\/legend><ul id=\"wpforms-175-field_14\" class=\"wpforms-field-required\"><li class=\"choice-1 depth-1\"><input type=\"checkbox\" id=\"wpforms-175-field_14_1\" name=\"wpforms[fields][14][]\" value=\"Ich bin in keinem anderen CSC und keiner anderen Anbaugemeinschaft registriert oder Mitglied\" aria-errormessage=\"wpforms-175-field_14_1-error\" required ><label class=\"wpforms-field-label-inline\" for=\"wpforms-175-field_14_1\">Ich bin in keinem anderen CSC und keiner anderen Anbaugemeinschaft registriert oder Mitglied<\/label><\/li><\/ul><\/fieldset><\/div><div id=\"wpforms-175-field_17-container\" class=\"wpforms-field wpforms-field-checkbox wpforms-list-inline\" data-field-id=\"17\"><fieldset><legend class=\"wpforms-field-label\">Zustimmung <span class=\"wpforms-required-label\" aria-hidden=\"true\">*<\/span><\/legend><ul id=\"wpforms-175-field_17\" class=\"wpforms-field-required\"><li class=\"choice-3 depth-1\"><input type=\"checkbox\" id=\"wpforms-175-field_17_3\" name=\"wpforms[fields][17][]\" value=\"Ich erkl\u00e4re mich mit der Verarbeitung der eingegebenen Daten sowie der Datenschutzerkl\u00e4rung einverstanden\" aria-errormessage=\"wpforms-175-field_17_3-error\" required ><label class=\"wpforms-field-label-inline\" for=\"wpforms-175-field_17_3\">Ich erkl\u00e4re mich mit der Verarbeitung der eingegebenen Daten sowie der Datenschutzerkl\u00e4rung einverstanden<\/label><\/li><\/ul><\/fieldset><\/div><div id=\"wpforms-175-field_23-container\" class=\"wpforms-field wpforms-field-content\" data-field-id=\"23\"><div id=\"wpforms-175-field_23\" class=\"wpforms-field-medium wpforms-field-row\" aria-errormessage=\"wpforms-175-field_23-error\"><p><strong>Wir verwenden deine Daten ausschlie\u00dflich zur Registrierung. Keine Weitergabe an dritte.<\/strong><\/p>\n<div class=\"wpforms-field-content-display-frontend-clear\"><\/div><\/div><\/div><\/div><!-- .wpforms-field-container --><div class=\"wpforms-submit-container\" ><input type=\"hidden\" name=\"wpforms[id]\" value=\"175\"><input type=\"hidden\" name=\"page_title\" value=\"\"><input type=\"hidden\" name=\"page_url\" value=\"https:\/\/showcase4.content-wave.de\/index.php?rest_route=%2Fwp%2Fv2%2Fpages%2F126\"><button type=\"submit\" name=\"wpforms[submit]\" id=\"wpforms-submit-175\" class=\"wpforms-submit\" data-alt-text=\"Wird gesendet\u00a0\u2026\" data-submit-text=\"Absenden\" aria-live=\"assertive\" value=\"wpforms-submit\">Absenden<\/button><img decoding=\"async\" src=\"https:\/\/showcase4.content-wave.de\/wp-content\/plugins\/wpforms\/assets\/images\/submit-spin.svg\" class=\"wpforms-submit-spinner\" style=\"display: none;\" width=\"26\" height=\"26\" alt=\"Wird geladen\"><\/div><\/form><\/div>  <!-- .wpforms-container -->\t\t<\/div>\n\t\t\t\t<\/div>\n\t\t\t\t<div class=\"elementor-element elementor-element-6d31024 elementor-widget elementor-widget-heading\" data-id=\"6d31024\" data-element_type=\"widget\" data-widget_type=\"heading.default\">\n\t\t\t\t<div class=\"elementor-widget-container\">\n\t\t\t<h2 class=\"elementor-heading-title elementor-size-default\">Wie gehts dann weiter<\/h2>\t\t<\/div>\n\t\t\t\t<\/div>\n\t\t\t\t<div class=\"elementor-element elementor-element-7cf757d elementor-widget elementor-widget-text-editor\" data-id=\"7cf757d\" data-element_type=\"widget\" data-widget_type=\"text-editor.default\">\n\t\t\t\t<div class=\"elementor-widget-container\">\n\t\t\t\t\t\t\t<p>Sobald wir deine Registrierung erhalten und gepr\u00fcft haben, bekommst du von uns eine Best\u00e4tigungsmail mit allen wichtigen Informationen und die Vereinssatzung (bitte genau durchlesen). Deine Velvet-green Mitgliedskarte bekommst du bei deinem ersten Besuch bei uns im Club oder vorab per Post. <span style=\"color: #0da70c;\"><strong>Wir freuen uns auf dich!\u00a0<\/strong><\/span><\/p>\t\t\t\t\t\t<\/div>\n\t\t\t\t<\/div>\n\t\t\t\t\t<\/div>\n\t\t<\/div>\n\t\t\t\t\t<\/div>\n\t\t<\/section>\n\t\t\t\t<\/div>\n\t\t","protected":false},"excerpt":{"rendered":"<p>Mitglied werden Mitgliedschaft und Preise Hier hast du die M\u00f6glichkeit, dich bereits jetzt registrieren zu lassen und dir so einen Platz als Mitglied zu sichern. Die Anzahl der Mitgliederpl\u00e4tze ist in allen CSC begrenzt (bei uns vorerst auf 250 Mitglieder). Also nutze die Chance und werde Mitglied in unserer Community. Die \u201eAll You Need\u201c Mitgliedschaft [&hellip;]<\/p>\n","protected":false},"author":1,"featured_media":0,"parent":0,"menu_order":0,"comment_status":"closed","ping_status":"closed","template":"elementor_header_footer","meta":{"footnotes":""},"class_list":["post-126","page","type-page","status-publish","hentry"],"_links":{"self":[{"href":"https:\/\/showcase4.content-wave.de\/index.php?rest_route=\/wp\/v2\/pages\/126","targetHints":{"allow":["GET"]}}],"collection":[{"href":"https:\/\/showcase4.content-wave.de\/index.php?rest_route=\/wp\/v2\/pages"}],"about":[{"href":"https:\/\/showcase4.content-wave.de\/index.php?rest_route=\/wp\/v2\/types\/page"}],"author":[{"embeddable":true,"href":"https:\/\/showcase4.content-wave.de\/index.php?rest_route=\/wp\/v2\/users\/1"}],"replies":[{"embeddable":true,"href":"https:\/\/showcase4.content-wave.de\/index.php?rest_route=%2Fwp%2Fv2%2Fcomments&post=126"}],"version-history":[{"count":10,"href":"https:\/\/showcase4.content-wave.de\/index.php?rest_route=\/wp\/v2\/pages\/126\/revisions"}],"predecessor-version":[{"id":1265,"href":"https:\/\/showcase4.content-wave.de\/index.php?rest_route=\/wp\/v2\/pages\/126\/revisions\/1265"}],"wp:attachment":[{"href":"https:\/\/showcase4.content-wave.de\/index.php?rest_route=%2Fwp%2Fv2%2Fmedia&parent=126"}],"curies":[{"name":"wp","href":"https:\/\/api.w.org\/{rel}","templated":true}]}}