{"id":121,"date":"2024-06-17T11:52:14","date_gmt":"2024-06-17T09:52:14","guid":{"rendered":"http:\/\/showcase4.content-wave.de\/?page_id=121"},"modified":"2024-06-21T11:23:13","modified_gmt":"2024-06-21T09:23:13","slug":"jugendschutz-suchtpraevention","status":"publish","type":"page","link":"https:\/\/showcase4.content-wave.de\/?page_id=121","title":{"rendered":"Jugendschutz \/ Suchtpr\u00e4vention"},"content":{"rendered":"\t\t<div data-elementor-type=\"wp-page\" data-elementor-id=\"121\" class=\"elementor elementor-121\" data-elementor-post-type=\"page\">\n\t\t\t\t\t\t<section class=\"elementor-section elementor-top-section elementor-element elementor-element-a05c965 elementor-section-boxed elementor-section-height-default elementor-section-height-default\" data-id=\"a05c965\" data-element_type=\"section\" data-settings=\"{&quot;background_background&quot;:&quot;classic&quot;}\">\n\t\t\t\t\t\t\t<div class=\"elementor-background-overlay\"><\/div>\n\t\t\t\t\t\t\t<div class=\"elementor-container elementor-column-gap-no\">\n\t\t\t\t\t<div class=\"elementor-column elementor-col-100 elementor-top-column elementor-element elementor-element-cef39b4\" data-id=\"cef39b4\" data-element_type=\"column\">\n\t\t\t<div class=\"elementor-widget-wrap elementor-element-populated\">\n\t\t\t\t\t\t<div class=\"elementor-element elementor-element-33a1deb elementor-widget elementor-widget-heading\" data-id=\"33a1deb\" data-element_type=\"widget\" data-widget_type=\"heading.default\">\n\t\t\t\t<div class=\"elementor-widget-container\">\n\t\t\t<style>\/*! elementor - v3.22.0 - 16-06-2024 *\/\n.elementor-heading-title{padding:0;margin:0;line-height:1}.elementor-widget-heading .elementor-heading-title[class*=elementor-size-]>a{color:inherit;font-size:inherit;line-height:inherit}.elementor-widget-heading .elementor-heading-title.elementor-size-small{font-size:15px}.elementor-widget-heading .elementor-heading-title.elementor-size-medium{font-size:19px}.elementor-widget-heading .elementor-heading-title.elementor-size-large{font-size:29px}.elementor-widget-heading .elementor-heading-title.elementor-size-xl{font-size:39px}.elementor-widget-heading .elementor-heading-title.elementor-size-xxl{font-size:59px}<\/style><h2 class=\"elementor-heading-title elementor-size-default\">Jugendschutz \/ Suchtpr\u00e4vention<\/h2>\t\t<\/div>\n\t\t\t\t<\/div>\n\t\t\t\t\t<\/div>\n\t\t<\/div>\n\t\t\t\t\t<\/div>\n\t\t<\/section>\n\t\t\t\t<section class=\"elementor-section elementor-top-section elementor-element elementor-element-0f0121e elementor-section-boxed elementor-section-height-default elementor-section-height-default elementor-invisible\" data-id=\"0f0121e\" data-element_type=\"section\" data-settings=\"{&quot;animation&quot;:&quot;fadeIn&quot;}\">\n\t\t\t\t\t\t<div class=\"elementor-container elementor-column-gap-no\">\n\t\t\t\t\t<div class=\"elementor-column elementor-col-100 elementor-top-column elementor-element elementor-element-89f8ce9\" data-id=\"89f8ce9\" data-element_type=\"column\">\n\t\t\t<div class=\"elementor-widget-wrap elementor-element-populated\">\n\t\t\t\t\t\t<section class=\"elementor-section elementor-inner-section elementor-element elementor-element-aa75fec elementor-section-boxed elementor-section-height-default elementor-section-height-default\" data-id=\"aa75fec\" data-element_type=\"section\">\n\t\t\t\t\t\t<div class=\"elementor-container elementor-column-gap-no\">\n\t\t\t\t\t<div class=\"elementor-column elementor-col-100 elementor-inner-column elementor-element elementor-element-a294037\" data-id=\"a294037\" data-element_type=\"column\">\n\t\t\t<div class=\"elementor-widget-wrap elementor-element-populated\">\n\t\t\t\t\t\t<div class=\"elementor-element elementor-element-263dd01 elementor-widget elementor-widget-heading\" data-id=\"263dd01\" data-element_type=\"widget\" data-widget_type=\"heading.default\">\n\t\t\t\t<div class=\"elementor-widget-container\">\n\t\t\t<h2 class=\"elementor-heading-title elementor-size-default\">Wir helfen und sch\u00fctzen<\/h2>\t\t<\/div>\n\t\t\t\t<\/div>\n\t\t\t\t<div class=\"elementor-element elementor-element-49f1b88 elementor-widget elementor-widget-text-editor\" data-id=\"49f1b88\" data-element_type=\"widget\" data-widget_type=\"text-editor.default\">\n\t\t\t\t<div class=\"elementor-widget-container\">\n\t\t\t<style>\/*! elementor - v3.22.0 - 16-06-2024 *\/\n.elementor-widget-text-editor.elementor-drop-cap-view-stacked .elementor-drop-cap{background-color:#69727d;color:#fff}.elementor-widget-text-editor.elementor-drop-cap-view-framed .elementor-drop-cap{color:#69727d;border:3px solid;background-color:transparent}.elementor-widget-text-editor:not(.elementor-drop-cap-view-default) .elementor-drop-cap{margin-top:8px}.elementor-widget-text-editor:not(.elementor-drop-cap-view-default) .elementor-drop-cap-letter{width:1em;height:1em}.elementor-widget-text-editor .elementor-drop-cap{float:left;text-align:center;line-height:1;font-size:50px}.elementor-widget-text-editor .elementor-drop-cap-letter{display:inline-block}<\/style>\t\t\t\t<p>Da wir auch f\u00fcr einen verantwortungsvollen Umgang von\u00a0Genuss Cannabis stehen, nehmen wir Jugendschutz und Suchtpr\u00e4vention sehr ernst.\u00a0<\/p><p>Sobald\u00a0die\u00a0M\u00f6glichkeit\u00a0besteht bei entsprechenden Stellen eine Qualifizierte Aus- bzw. Weiterbildung im Sinne des Cannabis\u00a0Gesetz (\u00a7 23 Absatz 4 und 6 KCanG) zu absolvieren, werden sich ein Vorsitzender sowie weitere ausgew\u00e4hlte Mitglieder als Sucht- und Pr\u00e4ventionsbeauftragte Qualifizieren um dir bei allen Fragen und Problemen mit Rat und Tat zur Seite zu stehen.<\/p><p>Du kannst dich in einem pers\u00f6nlichen\u00a0Gespr\u00e4ch, telefonisch oder auch schriftlich an diese Personen wenden und dich bestm\u00f6glich beraten lassen. Deine Anliegen werden ernsthaft und diskret behandelt. F\u00fcr alles, was \u00fcber unsere\u00a0M\u00f6glichkeiten\u00a0geht, stehen wir mit den \u00d6rtlichen und\u00a0Staatlichen Jugendschutz und Suchtberatungsstellen in\u00a0Verbindung.\u00a0<\/p><p>Vorab kannst du dich auch mit Informationsmaterial, das in unserem Verein ausliegen wird, versorgen.\u00a0<\/p><p>Weitere Informationen\u00a0erh\u00e4ltst\u00a0du auch \u00fcber beratende Stellen, wie die\u00a0<strong>Bundeszentrale f\u00fcr gesundheitliche\u00a0<\/strong><strong>Aufkl\u00e4rung (BZgA), Drugcom.com sowie Cannabispraevenntion.de,\u00a0<\/strong>hier\u00a0erh\u00e4ltst du\u00a0bereits jetzt\u00a0Brosch\u00fcren und\u00a0wertvolles\u00a0Wissen zu diesen Themen. Hier erf\u00e4hrst du nicht nur alles Wissenswerte \u00fcber Cannabis und die mit dem Konsum verbundenen Risiken, sondern bekommst z. B. auf Drugcom.com auch Antworten auf die Frage, ob du\u00a0zu viel konsumierst (im Cannabis Check &#8211; Der Selbsttest). Den Link findest du weiter unten. Falls du versuchst generell, mit dem Kiffen aufzuh\u00f6ren, gibt es wertvolle Tipps z. B. auf Quit the Shit (ebenfalls unten verlinkt).<\/p><p><strong>Linksammlung:<\/strong><\/p><p>\u00a0<\/p><p>Bundeszentrale f\u00fcr gesundheitliche\u00a0Aufkl\u00e4rung (BZgA):<\/p><p><span style=\"text-decoration: underline;\"><a href=\"https:\/\/shop.bzga.de\/alle-kategorien\/suchtvorbeugung\/cannabispraevention\/\" target=\"_blank\" rel=\"noopener\"><strong>Weitere Informationen<\/strong><\/a><br \/><\/span><\/p><p>Cannabispraevenntion.de:<\/p><p><a href=\"https:\/\/www.cannabispraevention.de\" target=\"_blank\" rel=\"noopener\"><span style=\"text-decoration: underline;\"><strong>Weitere Informationen<\/strong><\/span><\/a><\/p><p>Drugcom.com:<\/p><p><a href=\"https:\/\/www.drugcom.de\/drogen\/alles-ueber-cannabis\/\" target=\"_blank\" rel=\"noopener\"><span style=\"text-decoration: underline;\">Weitere Informationen<\/span><\/a><\/p><p>Der Selbsttest \/ Cannabis Check (auf Drugcom.com):<\/p><p><a href=\"https:\/\/www.drugcom.de\/tests\/selbsttests\/cannabis-check\/\" target=\"_blank\" rel=\"noopener\"><span style=\"text-decoration: underline;\"><strong>Zum Test<\/strong><\/span><\/a><\/p><p>Quit the Shit (ebenfalls auf Drugcom.com):<\/p><p><a href=\"https:\/\/www.quit-the-shit.net\/qts\/\" target=\"_blank\" rel=\"noopener\"><span style=\"text-decoration: underline;\"><strong>Weitere Informationen<\/strong><\/span><\/a><\/p><p>Weitere Informationen zu Cannabis:<\/p><p><a href=\"https:\/\/www.infos-cannabis.de\/\" target=\"_blank\" rel=\"noopener\"><span style=\"text-decoration: underline;\"><strong>Weitere Informationen<\/strong><\/span><\/a><\/p>\t\t\t\t\t\t<\/div>\n\t\t\t\t<\/div>\n\t\t\t\t\t<\/div>\n\t\t<\/div>\n\t\t\t\t\t<\/div>\n\t\t<\/section>\n\t\t\t\t\t<\/div>\n\t\t<\/div>\n\t\t\t\t\t<\/div>\n\t\t<\/section>\n\t\t\t\t<\/div>\n\t\t","protected":false},"excerpt":{"rendered":"<p>Jugendschutz \/ Suchtpr\u00e4vention Wir helfen und sch\u00fctzen Da wir auch f\u00fcr einen verantwortungsvollen Umgang von\u00a0Genuss Cannabis stehen, nehmen wir Jugendschutz und Suchtpr\u00e4vention sehr ernst.\u00a0 Sobald\u00a0die\u00a0M\u00f6glichkeit\u00a0besteht bei entsprechenden Stellen eine Qualifizierte Aus- bzw. Weiterbildung im Sinne des Cannabis\u00a0Gesetz (\u00a7 23 Absatz 4 und 6 KCanG) zu absolvieren, werden sich ein Vorsitzender sowie weitere ausgew\u00e4hlte Mitglieder als [&hellip;]<\/p>\n","protected":false},"author":1,"featured_media":0,"parent":0,"menu_order":0,"comment_status":"closed","ping_status":"closed","template":"elementor_header_footer","meta":{"footnotes":""},"class_list":["post-121","page","type-page","status-publish","hentry"],"_links":{"self":[{"href":"https:\/\/showcase4.content-wave.de\/index.php?rest_route=\/wp\/v2\/pages\/121","targetHints":{"allow":["GET"]}}],"collection":[{"href":"https:\/\/showcase4.content-wave.de\/index.php?rest_route=\/wp\/v2\/pages"}],"about":[{"href":"https:\/\/showcase4.content-wave.de\/index.php?rest_route=\/wp\/v2\/types\/page"}],"author":[{"embeddable":true,"href":"https:\/\/showcase4.content-wave.de\/index.php?rest_route=\/wp\/v2\/users\/1"}],"replies":[{"embeddable":true,"href":"https:\/\/showcase4.content-wave.de\/index.php?rest_route=%2Fwp%2Fv2%2Fcomments&post=121"}],"version-history":[{"count":10,"href":"https:\/\/showcase4.content-wave.de\/index.php?rest_route=\/wp\/v2\/pages\/121\/revisions"}],"predecessor-version":[{"id":1191,"href":"https:\/\/showcase4.content-wave.de\/index.php?rest_route=\/wp\/v2\/pages\/121\/revisions\/1191"}],"wp:attachment":[{"href":"https:\/\/showcase4.content-wave.de\/index.php?rest_route=%2Fwp%2Fv2%2Fmedia&parent=121"}],"curies":[{"name":"wp","href":"https:\/\/api.w.org\/{rel}","templated":true}]}}